{"id":273,"date":"2020-07-27T10:00:54","date_gmt":"2020-07-27T08:00:54","guid":{"rendered":"https:\/\/tanzmodernetanz.eu\/?page_id=273"},"modified":"2026-01-08T11:57:26","modified_gmt":"2026-01-08T10:57:26","slug":"impressum","status":"publish","type":"page","link":"https:\/\/tanzmodernetanz.eu\/en\/impressum\/","title":{"rendered":"Imprint"},"content":{"rendered":"<p><\/p>\n\n\n\n<h2 class=\"wp-block-heading\"><strong>Imprint - Information according to \u00a7 5 DDG<\/strong><\/h2>\n\n\n\n<p><strong>TANZ | MODERNE | TANZ e.V.<\/strong><\/p>\n\n\n\n<p class=\"has-medium-font-size\">Association for the Promotion of Contemporary Dance Chemnitz and Region<br>Registered office of the association: K\u00e4the-Kollwitz-Stra\u00dfe 7, 09111 Chemnitz Germany<br>Register of associations: Chemnitz Local Court<br>Register of Associations No. VR 4408<br>Represented by the Executive Board:<br>Sabrina Sadowska (Chairwoman of the Management Board)<br>Claudia Feest-Lieberknecht (Deputy Chairwoman of the Executive Board)<\/p>\n\n\n\n<p class=\"has-medium-font-size\"><strong>Contact us<\/strong>:<br>Phone: +49 (0)172\/361 86 16<br>E-mail: verein@tanzmodernetanz.eu<br>Sales tax identification number according to \u00a7 27a UStG: DEXXXXXXXXXXXXX<\/p>\n\n\n\n<p><strong>Editorial<\/strong><\/p>\n\n\n\n<p class=\"has-medium-font-size\">Sabrina Sadowska, Petter Lindner, Alanna Miliauskiene, Tarah Pfeiffer, Adrian Wanliss<\/p>\n\n\n\n<p><strong>Design<\/strong><\/p>\n\n\n\n<p class=\"has-medium-font-size\">Steffen Klaiber, Alanna Miliauskiene, Tarah Pfeiffer<\/p>\n\n\n\n<p class=\"has-large-font-size\"><strong>Responsible for the content according to \u00a7 18 Abs. 2 MStV<\/strong><\/p>\n\n\n\n<p class=\"has-medium-font-size\">Sabrina Sadowska, address as above<\/p>\n\n\n\n<p><strong>Consumer dispute resolution \/ universal arbitration board<\/strong><\/p>\n\n\n\n<p class=\"has-medium-font-size\">We are not prepared or obliged to participate in dispute resolution proceedings before a<br>consumer arbitration board.<\/p>\n\n\n\n<h2 class=\"wp-block-heading\"><strong>Disclaimer<\/strong><\/h2>\n\n\n\n<p class=\"has-medium-font-size\"><em>(Source: eRecht24.de - Internet law by lawyer S\u00f6ren Sieber)<\/em><\/p>\n\n\n\n<p><strong>Liability for content<\/strong><\/p>\n\n\n\n<p class=\"has-medium-font-size\">As a service provider, we are responsible for our own content on these pages in accordance with Section 7 (1) DDG and general legislation. However, according to \u00a7\u00a7 8 to 10 DDG, as a service provider we are not obliged to monitor transmitted or stored third-party information or to investigate circumstances that indicate illegal activity.<\/p>\n\n\n\n<p class=\"has-medium-font-size\">Obligations to remove or block the use of information by general law are not touched by this. A liability in this context only applies from the moment that we are aware of a concrete breach of the law. As soon as we are aware of such a breach we will immediately remove the content in question.<\/p>\n\n\n\n<p>&nbsp;<strong>Liability for links<\/strong><\/p>\n\n\n\n<p class=\"has-medium-font-size\">Our Service contains links to third-party websites, whose content we have no influence on and therefore cannot take responsibility for. The providers of these third-party sites are fully responsible for their content. At the moment that the link was added to our site, the third-party site was checked for possible breaches of the law. Such breaches were not apparent at the time the link was created.&nbsp;<\/p>\n\n\n\n<p class=\"has-medium-font-size\">Permanent checking of the third-party sites is not reasonable without concrete clues, that a breach of law may have occurred . As soon as we become aware of a breach of law on a site, we will immediately remove the link.&nbsp;<\/p>\n\n\n\n<p><strong>Copyright&nbsp;<\/strong><\/p>\n\n\n\n<p class=\"has-medium-font-size\">Content and works created by the site operator are subject to German copyright law. Duplication, editing and redistribution of any kind, which are outside of German copyright law, must have written permission of the author or the creator.  Downloads and copies from this site may only be used for private, not for commercial ends.&nbsp;<\/p>\n\n\n\n<p class=\"has-medium-font-size\">If the content on this site was not created by the site operator (such content  will be clearly marked)  then the copyright of third-parties must be respected. If you should witness a breach of copyright law, we ask you to inform us. Upon becoming aware of such a breach of copyright we will immediately remove the content in question.<\/p>\n\n\n\n<p class=\"has-medium-font-size\">&nbsp;Source: eRecht24<\/p>\n\n\n\n<p><\/p>\n\n\n\n<p><\/p>\n\n\n\n<p><\/p>\n\n\n\n<p><\/p>","protected":false},"excerpt":{"rendered":"<p>Impressum &#8211; Angaben gem\u00e4\u00df \u00a7 5 DDG TANZ | MODERNE | TANZ e.V. F\u00f6rderverein f\u00fcr zeitgen\u00f6ssischen Tanz Chemnitz und RegionSitz des Vereins: K\u00e4the-Kollwitz-Stra\u00dfe 7, 09111 Chemnitz DeutschlandVereinsregister: Amtsgericht ChemnitzVereinsregister Nr. [&hellip;]<\/p>\n","protected":false},"author":1,"featured_media":0,"parent":0,"menu_order":0,"comment_status":"closed","ping_status":"closed","template":"page-no-title","meta":{"_EventAllDay":false,"_EventTimezone":"","_EventStartDate":"","_EventEndDate":"","_EventStartDateUTC":"","_EventEndDateUTC":"","_EventShowMap":false,"_EventShowMapLink":false,"_EventURL":"","_EventCost":"","_EventCostDescription":"","_EventCurrencySymbol":"","_EventCurrencyCode":"","_EventCurrencyPosition":"","_EventDateTimeSeparator":"","_EventTimeRangeSeparator":"","_EventOrganizerID":[],"_EventVenueID":[],"_OrganizerEmail":"","_OrganizerPhone":"","_OrganizerWebsite":"","_VenueAddress":"","_VenueCity":"","_VenueCountry":"","_VenueProvince":"","_VenueState":"","_VenueZip":"","_VenuePhone":"","_VenueURL":"","_VenueStateProvince":"","_VenueLat":"","_VenueLng":"","_VenueShowMap":false,"_VenueShowMapLink":false,"footnotes":""},"class_list":["post-273","page","type-page","status-publish","hentry"],"_links":{"self":[{"href":"https:\/\/tanzmodernetanz.eu\/en\/wp-json\/wp\/v2\/pages\/273","targetHints":{"allow":["GET"]}}],"collection":[{"href":"https:\/\/tanzmodernetanz.eu\/en\/wp-json\/wp\/v2\/pages"}],"about":[{"href":"https:\/\/tanzmodernetanz.eu\/en\/wp-json\/wp\/v2\/types\/page"}],"author":[{"embeddable":true,"href":"https:\/\/tanzmodernetanz.eu\/en\/wp-json\/wp\/v2\/users\/1"}],"replies":[{"embeddable":true,"href":"https:\/\/tanzmodernetanz.eu\/en\/wp-json\/wp\/v2\/comments?post=273"}],"version-history":[{"count":12,"href":"https:\/\/tanzmodernetanz.eu\/en\/wp-json\/wp\/v2\/pages\/273\/revisions"}],"predecessor-version":[{"id":10473,"href":"https:\/\/tanzmodernetanz.eu\/en\/wp-json\/wp\/v2\/pages\/273\/revisions\/10473"}],"wp:attachment":[{"href":"https:\/\/tanzmodernetanz.eu\/en\/wp-json\/wp\/v2\/media?parent=273"}],"curies":[{"name":"wp","href":"https:\/\/api.w.org\/{rel}","templated":true}]}}