{"id":782,"date":"2021-02-02T14:20:27","date_gmt":"2021-02-02T13:20:27","guid":{"rendered":"https:\/\/tanzmodernetanz.eu\/?page_id=782"},"modified":"2026-02-22T12:49:44","modified_gmt":"2026-02-22T11:49:44","slug":"spende","status":"publish","type":"page","link":"https:\/\/tanzmodernetanz.eu\/en\/spende\/","title":{"rendered":"DONATION"},"content":{"rendered":"<div style=\"height:60px\" aria-hidden=\"true\" class=\"wp-block-spacer\"><\/div>\n\n\n\n<p>The non-profit work of the association is financed exclusively by grants and donations. If you would like to support our cause - the promotion of contemporary dance in Chemnitz, the development of new audiences for dance and the promotion of more movement in everyday life - then we would be delighted to receive your donation.<\/p>\n\n\n\n<h2 class=\"wp-block-heading\">Donation account<\/h2>\n\n\n\n<p>You will receive a donation receipt if you give us your full postal address with your transfer.<\/p>\n\n\n\n<p>TANZ|MODERNE|TANZ e.V. - F\u00f6rderverein f\u00fcr zeitgen\u00f6ssischen TANZ Chemnitz is authorized to issue donation receipts.<\/p>\n\n\n\n<div id=\"donationform-default\"><script src=\"https:\/\/www.helpmundo.de\/helptools\/donations\/16179\/0\/init.js?type=dom&amp;newLocal=de\" type=\"text\/javascript\"><\/script><\/div>\n\n\n\n<hr class=\"wp-block-separator has-css-opacity\"\/>\n\n\n\n<h2 class=\"wp-block-heading\">Support with Amazon Smile<\/h2>\n\n\n\n<div style=\"height:47px\" aria-hidden=\"true\" class=\"wp-block-spacer\"><\/div>\n\n\n\n<div class=\"wp-block-columns is-layout-flex wp-container-core-columns-is-layout-d0b3c9c8 wp-block-columns-is-layout-flex\">\n<div class=\"wp-block-column is-layout-flow wp-block-column-is-layout-flow\">\n<figure class=\"wp-block-image size-large is-style-default\"><a href=\"https:\/\/smile.amazon.de\/gp\/chpf\/homepage?q=TANZMODERNETANZ+e.V.&amp;orig=%2F&amp;ie=UTF-8\"><img loading=\"lazy\" decoding=\"async\" width=\"700\" height=\"350\" src=\"https:\/\/tanzmodernetanz.eu\/wp-content\/uploads\/2021\/02\/amazon_smile.gif\" alt=\"\" class=\"wp-image-891\"\/><\/a><\/figure>\n<\/div>\n\n\n\n<div class=\"wp-block-column is-layout-flow wp-block-column-is-layout-flow\">\n<figure class=\"wp-block-image size-large\"><a href=\"https:\/\/smile.amazon.de\/gp\/chpf\/homepage?q=TANZMODERNETANZ+e.V.&amp;orig=%2F&amp;ie=UTF-8\"><img loading=\"lazy\" decoding=\"async\" width=\"700\" height=\"350\" src=\"https:\/\/tanzmodernetanz.eu\/wp-content\/uploads\/2021\/02\/amazon.jpg\" alt=\"\" class=\"wp-image-877\" srcset=\"https:\/\/tanzmodernetanz.eu\/wp-content\/uploads\/2021\/02\/amazon.jpg 700w, https:\/\/tanzmodernetanz.eu\/wp-content\/uploads\/2021\/02\/amazon-300x150.jpg 300w\" sizes=\"auto, (max-width: 700px) 100vw, 700px\" \/><\/a><\/figure>\n<\/div>\n<\/div>\n\n\n\n<p>In order to participate in the campaign, you must visit the subpage&nbsp;<a href=\"https:\/\/smile.amazon.de\/gp\/chpf\/homepage?q=TANZMODERNETANZ+e.V.&amp;orig=%2F&amp;ie=UTF-8\">smile.amazon.com<\/a>&nbsp;and visit the&nbsp;<strong>TANZMODERNETANZ e.V.<\/strong> select.<\/p>\n\n\n\n<p><strong>Amazon then donates 0.5 percent of the total purchase amount to <strong>DANCE<\/strong><\/strong> | <strong><strong>MODERN<\/strong> <\/strong>| <strong><strong>TANZ e.V.<\/strong><\/strong><\/p>\n\n\n\n<p>The donation does not make shopping via Amazon Smile more expensive for customers. The online retailer alone pays the 0.5 percent of the purchase price. Amazon Smile supports almost all products that are offered directly by Amazon. Only subscription purchases are excluded.<\/p>\n\n\n\n<div style=\"height:60px\" aria-hidden=\"true\" class=\"wp-block-spacer\"><\/div>","protected":false},"excerpt":{"rendered":"<p>Die gemeinn\u00fctzige Arbeit des Vereins finanziert sich ausschlie\u00dflich aus F\u00f6rder- und Spendengeldern. Wenn Sie unsere Anliegen &#8211; die F\u00f6rderung des zeitgen\u00f6ssischen Tanzes, in Chemnitz, die Erschlie\u00dfung neuer Publikumsgruppen f\u00fcr den [&hellip;]<\/p>\n","protected":false},"author":2,"featured_media":1870,"parent":0,"menu_order":0,"comment_status":"closed","ping_status":"closed","template":"tmt-home-page","meta":{"_EventAllDay":false,"_EventTimezone":"","_EventStartDate":"","_EventEndDate":"","_EventStartDateUTC":"","_EventEndDateUTC":"","_EventShowMap":false,"_EventShowMapLink":false,"_EventURL":"","_EventCost":"","_EventCostDescription":"","_EventCurrencySymbol":"","_EventCurrencyCode":"","_EventCurrencyPosition":"","_EventDateTimeSeparator":"","_EventTimeRangeSeparator":"","_EventOrganizerID":[],"_EventVenueID":[],"_OrganizerEmail":"","_OrganizerPhone":"","_OrganizerWebsite":"","_VenueAddress":"","_VenueCity":"","_VenueCountry":"","_VenueProvince":"","_VenueState":"","_VenueZip":"","_VenuePhone":"","_VenueURL":"","_VenueStateProvince":"","_VenueLat":"","_VenueLng":"","_VenueShowMap":false,"_VenueShowMapLink":false,"footnotes":""},"class_list":["post-782","page","type-page","status-publish","has-post-thumbnail","hentry"],"_links":{"self":[{"href":"https:\/\/tanzmodernetanz.eu\/en\/wp-json\/wp\/v2\/pages\/782","targetHints":{"allow":["GET"]}}],"collection":[{"href":"https:\/\/tanzmodernetanz.eu\/en\/wp-json\/wp\/v2\/pages"}],"about":[{"href":"https:\/\/tanzmodernetanz.eu\/en\/wp-json\/wp\/v2\/types\/page"}],"author":[{"embeddable":true,"href":"https:\/\/tanzmodernetanz.eu\/en\/wp-json\/wp\/v2\/users\/2"}],"replies":[{"embeddable":true,"href":"https:\/\/tanzmodernetanz.eu\/en\/wp-json\/wp\/v2\/comments?post=782"}],"version-history":[{"count":48,"href":"https:\/\/tanzmodernetanz.eu\/en\/wp-json\/wp\/v2\/pages\/782\/revisions"}],"predecessor-version":[{"id":11078,"href":"https:\/\/tanzmodernetanz.eu\/en\/wp-json\/wp\/v2\/pages\/782\/revisions\/11078"}],"wp:featuredmedia":[{"embeddable":true,"href":"https:\/\/tanzmodernetanz.eu\/en\/wp-json\/wp\/v2\/media\/1870"}],"wp:attachment":[{"href":"https:\/\/tanzmodernetanz.eu\/en\/wp-json\/wp\/v2\/media?parent=782"}],"curies":[{"name":"wp","href":"https:\/\/api.w.org\/{rel}","templated":true}]}}