{"id":8425,"date":"2025-12-22T07:22:04","date_gmt":"2025-12-22T06:22:04","guid":{"rendered":"https:\/\/tanzmodernetanz.eu\/tanzmodernetanz-\/?page_id=8425"},"modified":"2026-03-21T13:49:27","modified_gmt":"2026-03-21T12:49:27","slug":"foerderverein-relaunch","status":"publish","type":"page","link":"https:\/\/tanzmodernetanz.eu\/en\/foerderverein-relaunch\/","title":{"rendered":"Support Organization"},"content":{"rendered":"\n<div class=\"wp-block-group alignfull has-global-padding is-layout-constrained wp-container-core-group-is-layout-5765f36d wp-block-group-is-layout-constrained tw-block-animation tw-animation-fade-in-up\" style=\"min-height:0vh;margin-top:0;margin-bottom:0;padding-top:var(--wp--preset--spacing--70);padding-right:var(--wp--preset--spacing--40);padding-bottom:var(--wp--preset--spacing--70);padding-left:var(--wp--preset--spacing--40)\">\n<div class=\"wp-block-group has-global-padding is-layout-constrained wp-container-core-group-is-layout-346627ba wp-block-group-is-layout-constrained\">\n<h2 class=\"wp-block-heading has-text-align-center has-x-large-font-size\" style=\"margin-right:0;margin-left:0;padding-right:0;padding-left:0\"><strong>F\u00f6rderung des zeitgen\u00f6ssischen Tanzes in und um Chemnitz<\/strong><\/h2>\n\n\n\n<p class=\"has-text-align-center\">Der <strong>F\u00f6rderverein<\/strong> finanziert die Projekte von TANZ | MODERNE | TANZ mit und tr\u00e4gt zur St\u00e4rkung des zeitgen\u00f6ssischen und urbanen Tanzes in Chemnitz und der Region bei.<\/p>\n\n\n\n<div class=\"wp-block-buttons tw-lg-hidden tw-md-hidden tw-sm-hidden is-content-justification-center is-layout-flex wp-container-core-buttons-is-layout-a89b3969 wp-block-buttons-is-layout-flex\">\n<div class=\"wp-block-button button-yellow\"><a class=\"wp-block-button__link wp-element-button\" href=\"#Spenden\"><strong>MITGLIED WERDEN<\/strong><\/a><\/div>\n<\/div>\n<\/div>\n\n\n\n<figure class=\"wp-block-image aligncenter size-full is-resized\"><img loading=\"lazy\" decoding=\"async\" width=\"472\" height=\"472\" src=\"https:\/\/tanzmodernetanz.eu\/wp-content\/uploads\/2026\/01\/TMT_eV-Logo.png\" alt=\"\" class=\"wp-image-9355\" style=\"width:125px;height:auto\" srcset=\"https:\/\/tanzmodernetanz.eu\/wp-content\/uploads\/2026\/01\/TMT_eV-Logo.png 472w, https:\/\/tanzmodernetanz.eu\/wp-content\/uploads\/2026\/01\/TMT_eV-Logo-300x300.png 300w, https:\/\/tanzmodernetanz.eu\/wp-content\/uploads\/2026\/01\/TMT_eV-Logo-150x150.png 150w, https:\/\/tanzmodernetanz.eu\/wp-content\/uploads\/2026\/01\/TMT_eV-Logo-12x12.png 12w\" sizes=\"auto, (max-width: 472px) 100vw, 472px\" \/><\/figure>\n<\/div>\n\n\n\n<p class=\"has-text-align-left has-medium-font-size\">TANZ | MODERNE | TANZ e.V. ist der F\u00f6rderverein f\u00fcr zeitgen\u00f6ssischen und urbanen Tanz in Chemnitz und Umgebung. Der Verein hat sich zum Ziel gesetzt, Kunst und Kultur, Bildung, V\u00f6lkerverst\u00e4ndigung, Toleranz und kulturellen Austausch durch Tanz zu f\u00f6rdern.<\/p>\n\n\n\n<p class=\"has-text-align-left has-medium-font-size\">Der Verein unterst\u00fctzt k\u00fcnstlerische Projekte, Festivals, Bildungs- und Gesundheitsprogramme, internationale Residenzen und Gemeinschaftsinitiativen. Er dient auch als organisatorischer und rechtlicher Rahmen f\u00fcr die langfristige kulturelle Entwicklung im Bereich Tanz.<\/p>\n\n\n\n<div style=\"height:50px\" aria-hidden=\"true\" class=\"wp-block-spacer\"><\/div>\n\n\n\n<h1 class=\"wp-block-heading\">Vorstand (ehrenamtlich)<\/h1>\n\n\n\n<div class=\"wp-block-columns is-layout-flex wp-container-core-columns-is-layout-d0b3c9c8 wp-block-columns-is-layout-flex\">\n<div class=\"wp-block-column is-vertically-aligned-top is-layout-flow wp-block-column-is-layout-flow tw-block-animation tw-animation-fade-in-up\">\n<div class=\"wp-block-cover is-light has-custom-content-position is-position-bottom-right has-aspect-ratio\" style=\"border-top-left-radius:3px;border-top-right-radius:3px;border-bottom-left-radius:3px;border-bottom-right-radius:3px;box-shadow:var(--wp--preset--shadow--natural);aspect-ratio:1;min-height:unset;\"><img loading=\"lazy\" decoding=\"async\" width=\"600\" height=\"600\" sizes=\"auto, (max-width: 799px) 125vw, (max-width: 600px) 100vw, 600px\" class=\"wp-block-cover__image-background wp-image-245\" alt=\"\" src=\"https:\/\/tanzmodernetanz.eu\/wp-content\/uploads\/2020\/07\/Sadowska_Sabrina_PR01_cNasser_Hashemi.jpg\" data-object-fit=\"cover\" srcset=\"https:\/\/tanzmodernetanz.eu\/wp-content\/uploads\/2020\/07\/Sadowska_Sabrina_PR01_cNasser_Hashemi.jpg 600w, https:\/\/tanzmodernetanz.eu\/wp-content\/uploads\/2020\/07\/Sadowska_Sabrina_PR01_cNasser_Hashemi-300x300.jpg 300w, https:\/\/tanzmodernetanz.eu\/wp-content\/uploads\/2020\/07\/Sadowska_Sabrina_PR01_cNasser_Hashemi-150x150.jpg 150w\" \/><span aria-hidden=\"true\" class=\"wp-block-cover__background has-background-dim-0 has-background-dim\"><\/span><div class=\"wp-block-cover__inner-container is-layout-flow wp-block-cover-is-layout-flow\">\n<p class=\"has-text-align-center has-base-color has-text-color has-link-color has-small-font-size wp-elements-b37cc92a48d5a5c05366ba7de36d90b6\">\u00a9  Nasser Hashemi<\/p>\n<\/div><\/div>\n\n\n\n<h3 class=\"wp-block-heading\"><strong>Sabrina Sadowska<\/strong> \u2013 Vorsitzende<\/h3>\n<\/div>\n\n\n\n<div class=\"wp-block-column is-vertically-aligned-top is-layout-flow wp-block-column-is-layout-flow tw-block-animation tw-animation-fade-in-up\">\n<div class=\"wp-block-cover is-light has-aspect-ratio\" style=\"min-height:300px;aspect-ratio:1;min-height:unset;\"><img decoding=\"async\" class=\"wp-block-cover__image-background\" alt=\"Bild f\u00fcr die Dienstleistung\" src=\"https:\/\/tanzmodernetanz.eu\/wp-content\/themes\/twentytwentyfive\/assets\/images\/delphinium-flowers.webp\" data-object-fit=\"cover\"\/><span aria-hidden=\"true\" class=\"wp-block-cover__background has-accent-5-background-color has-background-dim-100 has-background-dim\"><\/span><div class=\"wp-block-cover__inner-container is-layout-flow wp-block-cover-is-layout-flow\"><div class=\"aligncenter wp-block-avatar\"><img alt='Alanna Miliauskiene Avatar' src='https:\/\/secure.gravatar.com\/avatar\/6d3719d78cfc6dc9c4b4b9d4fd9ffba2f162e9755f6dc74a83da9be95f6400f7?s=96&#038;d=mm&#038;r=g' srcset='https:\/\/secure.gravatar.com\/avatar\/6d3719d78cfc6dc9c4b4b9d4fd9ffba2f162e9755f6dc74a83da9be95f6400f7?s=192&#038;d=mm&#038;r=g 2x' class='avatar avatar-96 photo wp-block-avatar__image' height='96' width='96' \/><\/div><\/div><\/div>\n\n\n\n<h3 class=\"wp-block-heading\"><strong>Claudia Feest-Lieberknecht <\/strong>\u2013 Stellvertretende Vorsitzende<\/h3>\n<\/div>\n\n\n\n<div class=\"wp-block-column is-vertically-aligned-top is-layout-flow wp-block-column-is-layout-flow tw-block-animation tw-animation-fade-in-up\">\n<div class=\"wp-block-cover is-light has-aspect-ratio\" style=\"min-height:300px;aspect-ratio:1;min-height:unset;\"><img decoding=\"async\" class=\"wp-block-cover__image-background\" alt=\"Bild f\u00fcr die Dienstleistung\" src=\"https:\/\/tanzmodernetanz.eu\/wp-content\/themes\/twentytwentyfive\/assets\/images\/star-thristle-flower.webp\" data-object-fit=\"cover\"\/><span aria-hidden=\"true\" class=\"wp-block-cover__background has-accent-5-background-color has-background-dim-100 has-background-dim\"><\/span><div class=\"wp-block-cover__inner-container is-layout-flow wp-block-cover-is-layout-flow\"><div class=\"aligncenter wp-block-avatar\"><img alt='Alanna Miliauskiene Avatar' src='https:\/\/secure.gravatar.com\/avatar\/6d3719d78cfc6dc9c4b4b9d4fd9ffba2f162e9755f6dc74a83da9be95f6400f7?s=96&#038;d=mm&#038;r=g' srcset='https:\/\/secure.gravatar.com\/avatar\/6d3719d78cfc6dc9c4b4b9d4fd9ffba2f162e9755f6dc74a83da9be95f6400f7?s=192&#038;d=mm&#038;r=g 2x' class='avatar avatar-96 photo wp-block-avatar__image' height='96' width='96' \/><\/div><\/div><\/div>\n\n\n\n<h3 class=\"wp-block-heading\"><strong>Helge Bj\u00f6rn Meyer<\/strong> \u2013 Finanzvorstand<\/h3>\n<\/div>\n<\/div>\n\n\n\n<div class=\"wp-block-columns alignwide are-vertically-aligned-top wp-container-content-9cfa9a5a is-layout-flex wp-container-core-columns-is-layout-dc9fa993 wp-block-columns-is-layout-flex tw-block-animation tw-animation-fade-in-up\" style=\"margin-top:var(--wp--preset--spacing--40);margin-bottom:var(--wp--preset--spacing--40)\"><\/div>\n\n\n\n<div style=\"height:50px\" aria-hidden=\"true\" class=\"wp-block-spacer\"><\/div>\n\n\n\n<h1 class=\"wp-block-heading\">Gr\u00fcndungsmitglieder<\/h1>\n\n\n\n<p class=\"has-medium-font-size\">Prof. Dr. Udo Bechtloff (Institutsleiter Fraunhofer-Institut f\u00fcr Digitale Medientechnologie IDMT), Sylvia Wille (Rechtsanw\u00e4ltin Kanzlei WiR), Dr. Christoph Dittrich (Generalintendant der Theater Chemnitz), Hergen Gr\u00e4per (Verwaltungsdirektor der Theater Chemnitz), David Neubert (Urban Dance Community Chemnitz), Sebastian Schilling (Kirchenmusiker, Ev.-Luth. Kirchgemeinde St. Markus), Helge-Bj\u00f6rn Meier (Leiter Servicestelle FREIE SZENE Sachsen), Claudia Feest (Vorstandsmitglied d. Dachverband Tanz e.V.), Sabrina Sadowska (Ballettdirektorin der Theater Chemnitz).<\/p>\n\n\n\n<div style=\"height:50px\" aria-hidden=\"true\" class=\"wp-block-spacer\"><\/div>\n\n\n\n<div class=\"wp-block-cover alignfull has-parallax\" style=\"padding-top:48px;padding-right:5vw;padding-bottom:48px;padding-left:5vw;min-height:471px;aspect-ratio:unset;\" id=\"Spenden\"><div class=\"wp-block-cover__image-background wp-image-10579 size-large has-parallax\" style=\"background-position:50% 50%;background-image:url(https:\/\/tanzmodernetanz.eu\/wp-content\/uploads\/2026\/02\/Ballet-Class-Chemnitz-2025-1024x681.jpg)\"><\/div><span aria-hidden=\"true\" class=\"wp-block-cover__background has-background-dim-70 has-background-dim wp-block-cover__gradient-background has-background-gradient\" style=\"background:linear-gradient(147deg,rgb(14,194,238) 0%,rgb(14,194,238) 25%,rgb(2,0,44) 100%)\"><\/span><div class=\"wp-block-cover__inner-container is-layout-flow wp-block-cover-is-layout-flow\">\n<div style=\"height:40px\" aria-hidden=\"true\" class=\"wp-block-spacer\"><\/div>\n\n\n\n<div class=\"wp-block-group is-content-justification-center is-layout-flex wp-container-core-group-is-layout-9e84115a wp-block-group-is-layout-flex\" style=\"padding-right:0;padding-left:0\">\n<p class=\"has-text-align-center has-white-color has-text-color has-link-color wp-elements-b2ee7ac52da1be201278cc438f20614c\" style=\"font-size:clamp(46.18px, 2.886rem + ((1vw - 3.2px) * 4.98), 90px);font-style:normal;font-weight:700;letter-spacing:-5px;line-height:1;text-transform:uppercase\">Unterst\u00fctzen Sie uns<\/p>\n\n\n\n<div class=\"wp-block-group is-layout-flow wp-container-core-group-is-layout-c531dcdb wp-block-group-is-layout-flow\" style=\"padding-right:var(--wp--preset--spacing--80);padding-left:var(--wp--preset--spacing--80)\">\n<div class=\"wp-block-group is-content-justification-center is-nowrap is-layout-flex wp-container-core-group-is-layout-488cb5fe wp-block-group-is-layout-flex\">\n<p class=\"has-text-align-center has-white-color has-text-color has-link-color wp-elements-4e5c759eea173bae224746f38e1056d8\" style=\"font-size:clamp(14px, 0.875rem + ((1vw - 3.2px) * 0.341), 17px);font-style:normal;font-weight:700;letter-spacing:0px;text-decoration:none;text-transform:uppercase\">Ob Mitgliedschaft, Regelm\u00e4\u00dfige F\u00f6rderung oder einmalige Spende &#8211; Jede Unterst\u00fctzung ist herzlich willkommen!<\/p>\n<\/div>\n<\/div>\n<\/div>\n\n\n\n<div style=\"height:100px\" aria-hidden=\"true\" class=\"wp-block-spacer\"><\/div>\n<\/div><\/div>\n\n\n\n<div class=\"wp-block-group alignfull has-global-padding is-layout-constrained wp-block-group-is-layout-constrained\">\n<div style=\"height:53px\" aria-hidden=\"true\" class=\"wp-block-spacer\"><\/div>\n\n\n\n<aside class=\"wp-block-group alignfull is-style-section-3 has-background has-global-padding is-layout-constrained wp-container-core-group-is-layout-af1fc66f wp-block-group-is-layout-constrained is-style-section-3--1\" style=\"background-color:#0ec1eddb;margin-top:0;margin-bottom:0;padding-top:var(--wp--preset--spacing--40);padding-right:var(--wp--preset--spacing--50);padding-bottom:var(--wp--preset--spacing--40);padding-left:var(--wp--preset--spacing--50)\">\n<div class=\"wp-block-group is-style-default is-vertical is-content-justification-center is-layout-flex wp-container-core-group-is-layout-8778ca4a wp-block-group-is-layout-flex\" style=\"min-height:360px;margin-top:0;margin-bottom:0\">\n<h2 class=\"wp-block-heading has-text-align-center has-x-large-font-size\"><strong>Mitglied werden<\/strong><\/h2>\n\n\n\n<p class=\"has-text-align-center is-style-text-subtitle has-large-font-size is-style-text-subtitle--2\">Mitgliedschaften helfen uns, den zeitgen\u00f6ssischen Tanz, die Gemeinschaftsprogramme und den internationalen Austausch in Chemnitz zu st\u00e4rken.<\/p>\n\n\n\n<div style=\"height:0px\" aria-hidden=\"true\" class=\"wp-block-spacer wp-container-content-62aae154\"><\/div>\n\n\n\n<div class=\"wp-block-buttons is-content-justification-center is-layout-flex wp-container-core-buttons-is-layout-a89b3969 wp-block-buttons-is-layout-flex\">\n<div class=\"wp-block-button button-outline\"><a class=\"wp-block-button__link has-text-align-center wp-element-button\" href=\"https:\/\/tanzmodernetanz.eu\/wp-content\/uploads\/2022\/02\/Beitrittserkl\u00e4rung-TMT-eV.pdf\" target=\"_blank\" rel=\"noreferrer noopener\"><strong>Antrag<\/strong><\/a><\/div>\n\n\n\n<div class=\"wp-block-button button-outline\"><a class=\"wp-block-button__link has-text-align-center wp-element-button\" href=\"mailto:verein@tanzmodernetanz.eu\" target=\"_blank\" rel=\"noreferrer noopener\"><strong>Email<\/strong><\/a><\/div>\n<\/div>\n\n\n\n<div style=\"height:0px\" aria-hidden=\"true\" class=\"wp-block-spacer wp-container-content-62aae154\"><\/div>\n\n\n\n<div class=\"wp-block-group has-accent-5-background-color has-background tw-top-shape-organic tw-bottom-shape-organic has-global-padding is-layout-constrained wp-container-core-group-is-layout-d40e743c wp-block-group-is-layout-constrained tw-block-animation tw-animation-fade-in-up\" style=\"border-top-left-radius:3px;border-top-right-radius:3px;border-bottom-left-radius:3px;border-bottom-right-radius:3px;padding-top:var(--wp--preset--spacing--40);padding-right:var(--wp--preset--spacing--40);padding-bottom:var(--wp--preset--spacing--40);padding-left:var(--wp--preset--spacing--40)\">\n<h2 class=\"wp-block-heading has-text-align-left has-medium-font-size\" style=\"padding-top:0;padding-bottom:0\">So geht&#8217;s:<\/h2>\n\n\n\n<p class=\"has-medium-font-size\">-&gt; <strong><a href=\"https:\/\/tanzmodernetanz.eu\/wp-content\/uploads\/2022\/02\/Beitrittserkl\u00e4rung-TMT-eV.pdf\">Antrag<\/a> <\/strong>herunterladen und ausf\u00fcllen<\/p>\n\n\n\n<p class=\"has-medium-font-size\">-&gt; Per <strong><a href=\"mailto:verein@tanzmodernetanz.eu\" target=\"_blank\" rel=\"noreferrer noopener\">E-Mail<\/a><\/strong> <em>(verein[at]tanzmodernetanz.eu)<\/em> an uns zur\u00fcckschicken.<\/p>\n\n\n\n<p class=\"has-medium-font-size\">-&gt; Oder per Post an: <\/p>\n\n\n\n<p class=\"has-text-align-center has-medium-font-size\"><strong>TANZ | MODERNE | TANZ e.V.<br><\/strong>F\u00f6rderverein f\u00fcr zeitgen\u00f6ssischen Tanz Chemnitz und Region<br> K\u00e4the-Kollwitz-Stra\u00dfe 7, 09111 Chemnitz Deutschland<\/p>\n<\/div>\n<\/div>\n<\/aside>\n\n\n\n<div style=\"height:50px\" aria-hidden=\"true\" class=\"wp-block-spacer\"><\/div>\n\n\n\n<aside class=\"wp-block-group alignfull is-style-section-4 has-background has-global-padding is-layout-constrained wp-container-core-group-is-layout-af1fc66f wp-block-group-is-layout-constrained is-style-section-4--3 tw-block-animation tw-animation-fade-in-up\" style=\"background-color:#1654abe6;margin-top:0;margin-bottom:0;padding-top:var(--wp--preset--spacing--40);padding-right:var(--wp--preset--spacing--50);padding-bottom:var(--wp--preset--spacing--40);padding-left:var(--wp--preset--spacing--50)\">\n<div class=\"wp-block-group is-style-default has-base-color has-text-color has-link-color wp-elements-4ab23f9e1e6f96afd9bcb6c14192fb41 is-vertical is-content-justification-center is-layout-flex wp-container-core-group-is-layout-8778ca4a wp-block-group-is-layout-flex\" style=\"min-height:360px;margin-top:0;margin-bottom:0\">\n<h2 class=\"wp-block-heading has-text-align-center has-x-large-font-size\"><strong>Spenden<\/strong><\/h2>\n\n\n\n<p class=\"has-text-align-center is-style-text-subtitle has-large-font-size is-style-text-subtitle--4\">Spenden k\u00f6nnen einmalig oder wiederkehrend sein und unterst\u00fctzen direkt k\u00fcnstlerische Projekte, Bildung und inklusive Tanzprogramme.<\/p>\n\n\n\n<div style=\"height:0px\" aria-hidden=\"true\" class=\"wp-block-spacer wp-container-content-62aae154\"><\/div>\n\n\n\n<div class=\"wp-block-buttons is-content-justification-center is-layout-flex wp-container-core-buttons-is-layout-a89b3969 wp-block-buttons-is-layout-flex\">\n<div class=\"wp-block-button button-outline\"><a class=\"wp-block-button__link has-text-align-center wp-element-button\" href=\"https:\/\/tanzmodernetanz.eu\/spende\/\" target=\"_blank\" rel=\"noreferrer noopener\"><strong>Jetzt spenden<\/strong><\/a><\/div>\n<\/div>\n<\/div>\n<\/aside>\n\n\n\n<div style=\"height:50px\" aria-hidden=\"true\" class=\"wp-block-spacer\"><\/div>\n\n\n\n<aside class=\"wp-block-group alignfull is-style-section-1 has-background has-global-padding is-layout-constrained wp-container-core-group-is-layout-af1fc66f wp-block-group-is-layout-constrained is-style-section-1--5\" style=\"background-color:#faf9f2e6;margin-top:0;margin-bottom:0;padding-top:var(--wp--preset--spacing--40);padding-right:var(--wp--preset--spacing--50);padding-bottom:var(--wp--preset--spacing--40);padding-left:var(--wp--preset--spacing--50)\">\n<div class=\"wp-block-group is-vertical is-content-justification-center is-layout-flex wp-container-core-group-is-layout-8778ca4a wp-block-group-is-layout-flex\" style=\"min-height:360px;margin-top:0;margin-bottom:0\">\n<h2 class=\"wp-block-heading has-text-align-center has-x-large-font-size\"><strong>Gezieltes Projekt unterst\u00fctzen<\/strong><\/h2>\n\n\n\n<p class=\"has-text-align-center is-style-text-subtitle has-large-font-size is-style-text-subtitle--6\">Unterst\u00fctzung ausgew\u00e4hlter Projekte und Programme tragen zu ihrer langfristigen Wirkung und Entwicklung bei.<\/p>\n\n\n\n<div style=\"height:0px\" aria-hidden=\"true\" class=\"wp-block-spacer wp-container-content-62aae154\"><\/div>\n\n\n\n<div class=\"wp-block-buttons is-content-justification-center is-layout-flex wp-container-core-buttons-is-layout-a89b3969 wp-block-buttons-is-layout-flex\">\n<div class=\"wp-block-button button-outline\"><a class=\"wp-block-button__link has-contrast-color has-text-color has-link-color has-text-align-center wp-element-button\" href=\"https:\/\/tanzmodernetanz.eu\/spende\/\" target=\"_blank\" rel=\"noreferrer noopener\"><strong>Spendenzusage<\/strong><\/a><\/div>\n<\/div>\n<\/div>\n<\/aside>\n\n\n\n<div style=\"height:100px\" aria-hidden=\"true\" class=\"wp-block-spacer\"><\/div>\n<\/div>\n","protected":false},"excerpt":{"rendered":"<p>F\u00f6rderung des zeitgen\u00f6ssischen Tanzes in und um Chemnitz Der F\u00f6rderverein finanziert die Projekte von TANZ | MODERNE | TANZ mit und tr\u00e4gt zur St\u00e4rkung des zeitgen\u00f6ssischen und urbanen Tanzes in [&hellip;]<\/p>\n","protected":false},"author":4,"featured_media":10122,"parent":0,"menu_order":0,"comment_status":"closed","ping_status":"closed","template":"tmt-home-page","meta":{"_EventAllDay":false,"_EventTimezone":"","_EventStartDate":"","_EventEndDate":"","_EventStartDateUTC":"","_EventEndDateUTC":"","_EventShowMap":false,"_EventShowMapLink":false,"_EventURL":"","_EventCost":"","_EventCostDescription":"","_EventCurrencySymbol":"","_EventCurrencyCode":"","_EventCurrencyPosition":"","_EventDateTimeSeparator":"","_EventTimeRangeSeparator":"","_EventOrganizerID":[],"_EventVenueID":[],"_OrganizerEmail":"","_OrganizerPhone":"","_OrganizerWebsite":"","_VenueAddress":"","_VenueCity":"","_VenueCountry":"","_VenueProvince":"","_VenueState":"","_VenueZip":"","_VenuePhone":"","_VenueURL":"","_VenueStateProvince":"","_VenueLat":"","_VenueLng":"","_VenueShowMap":false,"_VenueShowMapLink":false,"footnotes":""},"class_list":["post-8425","page","type-page","status-publish","has-post-thumbnail","hentry"],"_links":{"self":[{"href":"https:\/\/tanzmodernetanz.eu\/en\/wp-json\/wp\/v2\/pages\/8425","targetHints":{"allow":["GET"]}}],"collection":[{"href":"https:\/\/tanzmodernetanz.eu\/en\/wp-json\/wp\/v2\/pages"}],"about":[{"href":"https:\/\/tanzmodernetanz.eu\/en\/wp-json\/wp\/v2\/types\/page"}],"author":[{"embeddable":true,"href":"https:\/\/tanzmodernetanz.eu\/en\/wp-json\/wp\/v2\/users\/4"}],"replies":[{"embeddable":true,"href":"https:\/\/tanzmodernetanz.eu\/en\/wp-json\/wp\/v2\/comments?post=8425"}],"version-history":[{"count":107,"href":"https:\/\/tanzmodernetanz.eu\/en\/wp-json\/wp\/v2\/pages\/8425\/revisions"}],"predecessor-version":[{"id":12036,"href":"https:\/\/tanzmodernetanz.eu\/en\/wp-json\/wp\/v2\/pages\/8425\/revisions\/12036"}],"wp:featuredmedia":[{"embeddable":true,"href":"https:\/\/tanzmodernetanz.eu\/en\/wp-json\/wp\/v2\/media\/10122"}],"wp:attachment":[{"href":"https:\/\/tanzmodernetanz.eu\/en\/wp-json\/wp\/v2\/media?parent=8425"}],"curies":[{"name":"wp","href":"https:\/\/api.w.org\/{rel}","templated":true}]}}